{"id":392,"date":"2015-04-06T22:10:07","date_gmt":"2015-04-06T22:10:07","guid":{"rendered":"http:\/\/carmen-soelden.com\/lageanreise-2\/"},"modified":"2021-03-04T13:53:16","modified_gmt":"2021-03-04T13:53:16","slug":"lage_anreise","status":"publish","type":"page","link":"https:\/\/www.carmen-soelden.com\/en\/lage_anreise\/","title":{"rendered":"LOCATION\/DIRECTIONS"},"content":{"rendered":"<h1>Directions to Apart Carmen in S\u00f6lden<\/h1>\n<h2>Your quickest way to the \u00d6tztal Valley &#8211; Tyrol<\/h2>\n<h3>Arriving by car<\/h3>\n<p>To drive on the Austrian motorways, you need to buy a \u201cvignette\u201d, available at the border crossings into Austria.<\/p>\n<p><strong>From the West:<\/strong><br \/>\nFrom Vorarlberg to Tirol over the Arlbergpass or through Arlbergtunnel (S 16) &#8211; Landeck &#8211; Autobahn A 12 towards Innsbruck \u2013 \u00d6tztal exit after the Roppener Tunnel &#8211; B 186 (35km) to S\u00f6lden<\/p>\n<p><strong>From the North:\u2028<\/strong><br \/>\n&#8211; Bad T\u00f6lz &#8211; Achenpa\u00df &#8211; B 181 &#8211; Jenbach &#8211; A 12 Innsbruck towards Bregenz \u2013 \u00d6tztal exit &#8211; B 186 (35km) to S\u00f6lden<\/p>\n<p>&#8211; Pfronten &#8211; Reutte &#8211; Fernpa\u00df &#8211; Imst &#8211; A 12 towards Innsbruck \u2013 \u00d6tztal exit after the Roppener Tunnel or B 171 Tyrol Stra\u00dfe to the \u00d6tztal (vignette-free) &#8211; B 186 (35km) to S\u00f6lden<\/p>\n<p>&#8211; Garmisch Partenkirchen &#8211; Ehrwald &#8211; Lermoss &#8211; Fernpa\u00df &#8211; Imst &#8211; A 12 towards Innsbruck \u2013 \u00d6tztal exit after the Roppener Tunnel or B 171 Tyrol Stra\u00dfe to the \u00d6tztal (vignette-free) &#8211; B 186 (35km) to S\u00f6lden<\/p>\n<p>&#8211; Garmisch Partenkirchen &#8211; Mittenwald &#8211; Scharnitz &#8211; Seefeld in Tyrol &#8211; Telfs &#8211; A 12 towards Bregenz &#8211; \u00d6tztal exit or B 171 Tyrol Stra\u00dfe to the \u00d6tztal (vignette-free) &#8211; B186 (35km) to S\u00f6lden<\/p>\n<p><strong>From the East:\u2028<\/strong><br \/>\nFrom Munich or Salzburg, take the A 93 to Kufstein, then the A 12 towards Bregenz, via Innsbruck to the \u00d6tztal exit, then continue on the B 186 (35km) to S\u00f6lden<\/p>\n<p><strong>From the South:\u2028<\/strong><br \/>\nFrom Bolzano towards Brenner (toll road) &#8211; Brenner Autobahn (toll station) Sch\u00f6nberg towards Innsbruck &#8211; from Innsbruck on the A 12 towards Bregenz to the \u00d6tztal turning \u2013 then on the B 186 (35km) to S\u00f6lden<\/p>\n<h3>Arriving by train<\/h3>\n<p>The train takes you conveniently and safely to \u201c\u00d6tztal\u201d railway station, and a public bus leaves from in front of the station for Obergurgl. The bus journey to S\u00f6lden takes about 1 &#8211; 1.5 hours, and gives you great views of the Tyrolean mountains.<\/p>\n<h3>Arriving by plane<\/h3>\n<p>Innsbruck is the nearest airport; there are scheduled flights from all over Europe each day.<\/p>\n<p>From Innsbruck airport, take the train to \u00d6tztal.<\/p>\n<p>The train goes as far as \u00d6tztal railway station, where you change to the public bus or taxi through the valley. Local taxi services are available for transfers to and from the surrounding airports.<\/p>\n<h3>Directions in S\u00f6lden<\/h3>\n<ul>\n<li>Get to the church in the centre of the resort<\/li>\n<li>Turn left at \u201cIntersport Glanzer\u201d, G exit<\/li>\n<li>Go past the Central Hotel<\/li>\n<li>Continual over the \u201c\u00d6tztaler Ache \u201criver<\/li>\n<li>About 250 m after the \u201cHotel Erhart\u201d, turn left<\/li>\n<li>You will find parking for your car, and your hosts will be expecting you.<\/li>\n<\/ul>\n","protected":false},"excerpt":{"rendered":"<p>Directions to Apart Carmen in S\u00f6lden Your quickest way to the \u00d6tztal Valley &#8211; Tyrol Arriving by car To drive on the Austrian motorways, you need to buy a \u201cvignette\u201d, available at the border crossings into Austria. From the West: From Vorarlberg to Tirol over the Arlbergpass or through Arlbergtunnel (S 16) &#8211; Landeck &#8211;&#8230;  <a class=\"excerpt-read-more\" href=\"https:\/\/www.carmen-soelden.com\/en\/lage_anreise\/\" title=\"LesenLOCATION\/DIRECTIONS\">Mehr &raquo;<\/a><\/p>\n","protected":false},"author":1,"featured_media":0,"parent":0,"menu_order":60,"comment_status":"open","ping_status":"open","template":"","meta":[],"_links":{"self":[{"href":"https:\/\/www.carmen-soelden.com\/en\/wp-json\/wp\/v2\/pages\/392"}],"collection":[{"href":"https:\/\/www.carmen-soelden.com\/en\/wp-json\/wp\/v2\/pages"}],"about":[{"href":"https:\/\/www.carmen-soelden.com\/en\/wp-json\/wp\/v2\/types\/page"}],"author":[{"embeddable":true,"href":"https:\/\/www.carmen-soelden.com\/en\/wp-json\/wp\/v2\/users\/1"}],"replies":[{"embeddable":true,"href":"https:\/\/www.carmen-soelden.com\/en\/wp-json\/wp\/v2\/comments?post=392"}],"version-history":[{"count":9,"href":"https:\/\/www.carmen-soelden.com\/en\/wp-json\/wp\/v2\/pages\/392\/revisions"}],"predecessor-version":[{"id":1045,"href":"https:\/\/www.carmen-soelden.com\/en\/wp-json\/wp\/v2\/pages\/392\/revisions\/1045"}],"wp:attachment":[{"href":"https:\/\/www.carmen-soelden.com\/en\/wp-json\/wp\/v2\/media?parent=392"}],"curies":[{"name":"wp","href":"https:\/\/api.w.org\/{rel}","templated":true}]}}