{"id":349,"date":"2015-04-06T21:03:57","date_gmt":"2015-04-06T21:03:57","guid":{"rendered":"http:\/\/carmen-soelden.com\/home-2\/"},"modified":"2021-03-04T14:00:22","modified_gmt":"2021-03-04T14:00:22","slug":"home","status":"publish","type":"page","link":"https:\/\/www.carmen-soelden.com\/en\/","title":{"rendered":"HOME"},"content":{"rendered":"<h1>S\u00f6lden &#8211; Holidays in Apart Carmen<\/h1>\n<h2>The perfect place for holidays in the \u00d6tztal Valley in Tyrol<\/h2>\n<p>Guests staying at Apart Carmen in S\u00f6lden enjoy a very cosy, welcoming atmosphere for flexible holidays, together with modern furnishings. After all, your holiday is your most beautiful time of the year.<\/p>\n<p>Whether spring, <a href=\"http:\/\/carmen-soelden.com\/en\/oetztal-sommer\/\">summer<\/a>, autumn, or <a href=\"http:\/\/carmen-soelden.com\/en\/soelden-winter\/\">winter<\/a>, the \u00d6tztal Valley is your ideal holiday destination in any season. This hotspot of the Alps guarantees winter fans it is <strong>100% snow sure<\/strong>, and has <strong>perfectly prepared pistes<\/strong>. Meanwhile, fans of summer appreciate the <strong>hiking paradise<\/strong> for all levels of hiker and the new bike routes in the <strong>BIKE REPUBLIC S\u00f6lden<\/strong> in the mountains of Tyrol.<\/p>\n<p>The accommodation enjoys an ideal <a href=\"http:\/\/carmen-soelden.com\/en\/lage_anreise\/\">location<\/a>, promising tranquillity and activity at the same time. The centre of S\u00f6lden is just a 5 minute walk away, and similarly conveniently accessible on foot is the Gaislachkoglbahn lift station.<a href=\"http:\/\/carmen-soelden.com\/wp-content\/uploads\/2015\/06\/Carmen_Fender_web.jpg\"><img loading=\"lazy\" class=\" wp-image-271 alignright\" src=\"http:\/\/carmen-soelden.com\/wp-content\/uploads\/2015\/06\/Carmen_Fender_web-224x300.jpg\" alt=\"Carmen_Fender_web\" width=\"95\" height=\"127\" srcset=\"https:\/\/www.carmen-soelden.com\/wp-content\/uploads\/2015\/06\/Carmen_Fender_web-224x300.jpg 224w, https:\/\/www.carmen-soelden.com\/wp-content\/uploads\/2015\/06\/Carmen_Fender_web-763x1024.jpg 763w, https:\/\/www.carmen-soelden.com\/wp-content\/uploads\/2015\/06\/Carmen_Fender_web.jpg 1856w\" sizes=\"(max-width: 95px) 100vw, 95px\" \/><\/a><\/p>\n<p>I look forward to welcoming you as a guest here at Apart Carmen,<br \/>\nCarmen Fender<\/p>\n","protected":false},"excerpt":{"rendered":"<p>S\u00f6lden &#8211; Holidays in Apart Carmen The perfect place for holidays in the \u00d6tztal Valley in Tyrol Guests staying at Apart Carmen in S\u00f6lden enjoy a very cosy, welcoming atmosphere for flexible holidays, together with modern furnishings. After all, your holiday is your most beautiful time of the year. Whether spring, summer, autumn, or winter,&#8230;  <a class=\"excerpt-read-more\" href=\"https:\/\/www.carmen-soelden.com\/en\/\" title=\"LesenHOME\">Mehr &raquo;<\/a><\/p>\n","protected":false},"author":1,"featured_media":0,"parent":0,"menu_order":0,"comment_status":"open","ping_status":"open","template":"page-home.php","meta":[],"_links":{"self":[{"href":"https:\/\/www.carmen-soelden.com\/en\/wp-json\/wp\/v2\/pages\/349"}],"collection":[{"href":"https:\/\/www.carmen-soelden.com\/en\/wp-json\/wp\/v2\/pages"}],"about":[{"href":"https:\/\/www.carmen-soelden.com\/en\/wp-json\/wp\/v2\/types\/page"}],"author":[{"embeddable":true,"href":"https:\/\/www.carmen-soelden.com\/en\/wp-json\/wp\/v2\/users\/1"}],"replies":[{"embeddable":true,"href":"https:\/\/www.carmen-soelden.com\/en\/wp-json\/wp\/v2\/comments?post=349"}],"version-history":[{"count":8,"href":"https:\/\/www.carmen-soelden.com\/en\/wp-json\/wp\/v2\/pages\/349\/revisions"}],"predecessor-version":[{"id":1054,"href":"https:\/\/www.carmen-soelden.com\/en\/wp-json\/wp\/v2\/pages\/349\/revisions\/1054"}],"wp:attachment":[{"href":"https:\/\/www.carmen-soelden.com\/en\/wp-json\/wp\/v2\/media?parent=349"}],"curies":[{"name":"wp","href":"https:\/\/api.w.org\/{rel}","templated":true}]}}